{"id":26,"date":"2024-12-15T07:27:32","date_gmt":"2024-12-15T06:27:32","guid":{"rendered":"https:\/\/russo.whitebirdagency.com\/?page_id=26"},"modified":"2025-01-20T22:09:08","modified_gmt":"2025-01-20T21:09:08","slug":"estetica-y-rehabilitacion-oral","status":"publish","type":"page","link":"https:\/\/russo.whitebirdagency.com\/?page_id=26","title":{"rendered":"Est\u00e9tica y Rehabilitaci\u00f3n Oral"},"content":{"rendered":"\t\t<div data-elementor-type=\"wp-page\" data-elementor-id=\"26\" class=\"elementor elementor-26\">\n\t\t\t\t\t\t<section class=\"elementor-section elementor-top-section elementor-element elementor-element-39b7dc8a elementor-section-stretched elementor-section-boxed elementor-section-height-default elementor-section-height-default\" data-id=\"39b7dc8a\" data-element_type=\"section\" data-settings=\"{&quot;background_background&quot;:&quot;classic&quot;,&quot;stretch_section&quot;:&quot;section-stretched&quot;}\">\n\t\t\t\t\t\t<div class=\"elementor-container elementor-column-gap-default\">\n\t\t\t\t\t<div class=\"aux-parallax-section elementor-column elementor-col-100 elementor-top-column elementor-element elementor-element-789679d3\" data-id=\"789679d3\" data-element_type=\"column\">\n\t\t\t<div class=\"elementor-widget-wrap elementor-element-populated\">\n\t\t\t\t\t\t<div class=\"elementor-element elementor-element-3f7336eb elementor-widget elementor-widget-aux_modern_heading\" data-id=\"3f7336eb\" data-element_type=\"widget\" data-widget_type=\"aux_modern_heading.default\">\n\t\t\t\t<div class=\"elementor-widget-container\">\n\t\t\t<section class=\"aux-widget-modern-heading\">\n            <div class=\"aux-widget-inner\"><h1 class=\"aux-modern-heading-primary\">Est\u00e9tica &amp; Rehabilitaci\u00f3n Oral<\/h1><\/div>\n        <\/section>\t\t<\/div>\n\t\t\t\t<\/div>\n\t\t\t\t<div class=\"elementor-element elementor-element-775bbe9c elementor-widget elementor-widget-aux_breadcrumbs\" data-id=\"775bbe9c\" data-element_type=\"widget\" data-widget_type=\"aux_breadcrumbs.default\">\n\t\t\t\t<div class=\"elementor-widget-container\">\n\t\t\t<div class=\"aux-elementor-breadcrumbs\"><p class=\"aux-breadcrumbs\"><span class=\"aux-breadcrumb-sep breadcrumb-icon auxicon-chevron-right-1\"><\/span><span><a href=\"https:\/\/russo.whitebirdagency.com\" title=\"Home\">Home<\/a><\/span><\/div>\t\t<\/div>\n\t\t\t\t<\/div>\n\t\t\t\t\t<\/div>\n\t\t<\/div>\n\t\t\t\t\t<\/div>\n\t\t<\/section>\n\t\t<div class=\"elementor-element elementor-element-55b3bce5 e-flex e-con-boxed e-con e-parent\" data-id=\"55b3bce5\" data-element_type=\"container\">\n\t\t\t\t\t<div class=\"e-con-inner\">\n\t\t\t\t<div class=\"elementor-element elementor-element-cc5b465 elementor-widget elementor-widget-bdt-animated-card\" data-id=\"cc5b465\" data-element_type=\"widget\" data-widget_type=\"bdt-animated-card.default\">\n\t\t\t\t<div class=\"elementor-widget-container\">\n\t\t\t\t\t<div class=\"bdt-ep-animated-card bdt-style-1\">\n\t\t\t<div class=\"bdt-ep-animated-card-item\">\n\t\t\t\t<div class=\"bdt-ep-animated-card-circle\"><\/div>\n\t\t\t\t<div class=\"bdt-ep-animated-card-content\">\n\t\t\t\t\t\n\t\t\t\t\t\t\t\t\t<h4\t\t\t\t\tclass=\"bdt-ep-animated-card-sub-title\">\n\t\t\t\t\tCorrige y perfecciona tu sonrisa\t\t\t\t<\/h4>\n\t\t\t\t\t\n\t\t\n\t\t\t\t\t\t\t\t\t<div class=\"bdt-ep-animated-card-text\">\n\t\t\t\t\tEn LCH Odont\u00f3logos, los empastes son m\u00e1s que una soluci\u00f3n com\u00fan: son arte. Nuestro objetivo es que cada empaste se vea y sienta como un diente natural, devolviendo a tu sonrisa su belleza original. Porque cuidar tu salud bucal no tiene precio, pero lograr que se integre perfectamente en tu sonrisa es nuestra especialidad.\t\t\t\t<\/div>\n\t\t\t\t\t\n\t\t\t\t\t<div class=\"bdt-ep-animated-card-btn-wrap\">\n\t\t\t\t<a class=\"bdt-ep-animated-card-btn bdt-display-inline-block bdt-ep-attention-button\" href=\"https:\/\/russo.whitebirdagency.com\/?page_id=38\">\n\t\t\t\t\tCont\u00e1ctanos\t\t\t\t\t\t\t\t\t<\/a>\n\t\t\t<\/div>\n\t\t\t\t\t\t\t<\/div>\n\t\t\t\t<div class=\"bdt-ep-animated-card-img-wrap\"><img decoding=\"async\" width=\"100\" height=\"100\" src=\"https:\/\/russo.whitebirdagency.com\/wp-content\/uploads\/2025\/01\/Untitled-2-1.png\" class=\"bdt-ep-animated-card-img\" alt=\"\" \/><\/div>\t\t\t<\/div>\n\t\t<\/div>\n\t\t\t\t<\/div>\n\t\t\t\t<\/div>\n\t\t\t\t\t<\/div>\n\t\t\t\t<\/div>\n\t\t\t\t<section class=\"elementor-section elementor-top-section elementor-element elementor-element-174a77dd elementor-section-boxed elementor-section-height-default elementor-section-height-default\" data-id=\"174a77dd\" data-element_type=\"section\">\n\t\t\t\t\t\t<div class=\"elementor-container elementor-column-gap-no\">\n\t\t\t\t\t<div class=\"aux-parallax-section elementor-column elementor-col-50 elementor-top-column elementor-element elementor-element-7f4a09\" data-id=\"7f4a09\" data-element_type=\"column\">\n\t\t\t<div class=\"elementor-widget-wrap elementor-element-populated\">\n\t\t\t\t\t\t<div class=\"elementor-element elementor-element-274faa76 aux-appear-watch-animation aux-scale-up elementor-widget elementor-widget-aux_image\" data-id=\"274faa76\" data-element_type=\"widget\" data-widget_type=\"aux_image.default\">\n\t\t\t\t<div class=\"elementor-widget-container\">\n\t\t\t<section class=\"widget-container aux-widget-image aux-alignnone aux-parent-au4fbc304b\">\n    <div class=\"aux-media-hint-frame \">\n        <div class=\"aux-media-image  aux-tilt-box\" >\n        \n            \n\n            \n            <img fetchpriority=\"high\" decoding=\"async\" width=\"989\" height=\"659\" src=\"https:\/\/russo.whitebirdagency.com\/wp-content\/uploads\/2025\/01\/Paciente-recibiendo-un-examen-dental-en-la-clinica-LHCS-Odontologos-40x27.webp\" class=\"aux-attachment aux-featured-image aux-attachment-id-651 aux-preload aux-has-preview\" alt=\"Mujer sonriente siendo atendida por un dentista durante una revisi\u00f3n dental.\" data-ratio=\"1.5\" data-original-w=\"989\" data-src=\"https:\/\/russo.whitebirdagency.com\/wp-content\/uploads\/2025\/01\/Paciente-recibiendo-un-examen-dental-en-la-clinica-LHCS-Odontologos.webp\" \/>            \n                <\/div>\n    <\/div>\n\n<\/section><!-- widget-container -->\t\t<\/div>\n\t\t\t\t<\/div>\n\t\t\t\t<div class=\"elementor-element elementor-element-7d95abe5 aux-appear-watch-animation aux-fade-in-right elementor-widget elementor-widget-aux_modern_heading\" data-id=\"7d95abe5\" data-element_type=\"widget\" data-widget_type=\"aux_modern_heading.default\">\n\t\t\t\t<div class=\"elementor-widget-container\">\n\t\t\t<section class=\"aux-widget-modern-heading\">\n            <div class=\"aux-widget-inner\"><h3 class=\"aux-modern-heading-primary\">Redescubre tu sonrisa con tratamientos personalizados y resultados excepcionales.<\/h3><\/div>\n        <\/section>\t\t<\/div>\n\t\t\t\t<\/div>\n\t\t\t\t<div class=\"elementor-element elementor-element-3ee2bad8 elementor-widget elementor-widget-aux_modern_button\" data-id=\"3ee2bad8\" data-element_type=\"widget\" data-settings=\"{&quot;ep_widget_cf_colors&quot;:&quot;#D30C5C, #0EBCDC, #EAED41, #ED5A78, #DF33DF&quot;,&quot;ep_widget_cf_shapes&quot;:&quot;square|circle&quot;,&quot;ep_widget_cf_confetti&quot;:&quot;yes&quot;,&quot;ep_widget_cf_trigger_type&quot;:&quot;click&quot;,&quot;ep_widget_cf_type&quot;:&quot;basic&quot;,&quot;ep_widget_cf_particle_count&quot;:{&quot;unit&quot;:&quot;px&quot;,&quot;size&quot;:&quot;&quot;,&quot;sizes&quot;:[]},&quot;ep_widget_cf_start_velocity&quot;:{&quot;unit&quot;:&quot;px&quot;,&quot;size&quot;:&quot;&quot;,&quot;sizes&quot;:[]},&quot;ep_widget_cf_spread&quot;:{&quot;unit&quot;:&quot;px&quot;,&quot;size&quot;:&quot;&quot;,&quot;sizes&quot;:[]},&quot;ep_widget_cf_shape_type&quot;:&quot;basic&quot;,&quot;ep_widget_cf_scalar&quot;:{&quot;unit&quot;:&quot;px&quot;,&quot;size&quot;:&quot;&quot;,&quot;sizes&quot;:[]}}\" data-widget_type=\"aux_modern_button.default\">\n\t\t\t\t<div class=\"elementor-widget-container\">\n\t\t\t    <div class=\"aux-modern-button-wrapper aux-modern-button-align-center\" >\n                    <a class=\"aux-modern-button aux-black aux-modern-button-lg aux-modern-button-curve aux-modern-button-default aux-icon-\">\n                <div class=\"aux-overlay\"><\/div>\n                                    <div class=\"aux-icon \">\n                                            <\/div>\n                                <div class=\"aux-text\">\n<span class=\"aux-text-before\">Reserva tu cita<\/span>                <\/div>\n            <\/a>\n            \n    <\/div>\n\n    \t\t<\/div>\n\t\t\t\t<\/div>\n\t\t\t\t\t<\/div>\n\t\t<\/div>\n\t\t\t\t<div class=\"aux-parallax-section elementor-column elementor-col-50 elementor-top-column elementor-element elementor-element-3d133db2\" data-id=\"3d133db2\" data-element_type=\"column\">\n\t\t\t<div class=\"elementor-widget-wrap elementor-element-populated\">\n\t\t\t\t\t\t<div class=\"elementor-element elementor-element-2eda33a6 aux-appear-watch-animation aux-fade-in-up-1 elementor-widget elementor-widget-aux_modern_heading\" data-id=\"2eda33a6\" data-element_type=\"widget\" data-widget_type=\"aux_modern_heading.default\">\n\t\t\t\t<div class=\"elementor-widget-container\">\n\t\t\t<section class=\"aux-widget-modern-heading\">\n            <div class=\"aux-widget-inner\"><h3 class=\"aux-modern-heading-primary\">Transforma tu sonrisa,<\/h3><h3 class=\"aux-modern-heading-secondary\"><span class=\"aux-head-after\">recupera la confianza.<\/span><\/h3><div class=\"aux-modern-heading-divider\"><\/div><div class=\"aux-modern-heading-description\"><p class=\"p1\">En <b>LCHS Odont\u00f3logos<\/b>, entendemos que la est\u00e9tica dental es clave para una sonrisa radiante y funcional. Nuestro enfoque combina tecnolog\u00eda de vanguardia y un compromiso con los m\u00e1s altos est\u00e1ndares est\u00e9ticos, asegurando que cada tratamiento sea personalizado para tus necesidades y expectativas.<\/p><p class=\"p3\"><b>Nuestros Tratamientos de Est\u00e9tica Dental<\/b><b><\/b><\/p><p class=\"p4\">\u2022<b>Carillas:<\/b> Mejora el color, tama\u00f1o y forma de tus dientes con resultados naturales.<\/p><p class=\"p4\">\u2022<b>Coronas libres de metal:<\/b> Soluciones duraderas y est\u00e9ticas para restaurar la funcionalidad y apariencia.<\/p><p class=\"p4\">\u2022<b>Puentes dentales:<\/b> Reemplaza dientes perdidos con opciones est\u00e9ticas y funcionales.<\/p><p class=\"p4\">\u2022<b>Incrustaciones:<\/b> Alternativas precisas y resistentes para restauraciones m\u00ednimamente invasivas.<\/p><p class=\"p4\">\u2022<b>Blanqueamiento dental:<\/b> Devuelve el brillo a tu sonrisa con tratamientos seguros y efectivos.<\/p><p class=\"p3\"><b>Nuestro Compromiso<\/b><b><\/b><\/p><p class=\"p1\">En cada tratamiento, buscamos lograr una armon\u00eda perfecta entre la funcionalidad y la est\u00e9tica. Sabemos que un empaste, una corona o cualquier restauraci\u00f3n dental debe verse y sentirse como si fueran parte natural de tu sonrisa. Nos aseguramos de que el resultado final supere tus expectativas.<\/p><p class=\"p3\"><b>\u00bfPor Qu\u00e9 Elegirnos?<\/b><b><\/b><\/p><p class=\"p4\">\u2022<b>Cuidado Personalizado:<\/b> Cada paciente recibe un plan adaptado a sus necesidades y objetivos.<\/p><p class=\"p4\">\u2022<b>Equipo Experto:<\/b> Profesionales especializados en est\u00e9tica y rehabilitaci\u00f3n oral.<\/p><p class=\"p4\">\u2022<b>Tecnolog\u00eda Avanzada:<\/b> Garantizamos precisi\u00f3n, comodidad y resultados excepcionales.<\/p><\/div><\/div>\n        <\/section>\t\t<\/div>\n\t\t\t\t<\/div>\n\t\t\t\t\t<\/div>\n\t\t<\/div>\n\t\t\t\t\t<\/div>\n\t\t<\/section>\n\t\t<div class=\"elementor-element elementor-element-60f4e0f e-flex e-con-boxed e-con e-parent\" data-id=\"60f4e0f\" data-element_type=\"container\" data-settings=\"{&quot;background_background&quot;:&quot;gradient&quot;}\">\n\t\t\t\t\t<div class=\"e-con-inner\">\n\t\t<div class=\"elementor-element elementor-element-3f8a988c e-con-full e-flex e-con e-child\" data-id=\"3f8a988c\" data-element_type=\"container\" data-settings=\"{&quot;background_background&quot;:&quot;classic&quot;}\">\n\t\t\t\t<div class=\"elementor-element elementor-element-2004580c elementor-view-default elementor-position-top elementor-mobile-position-top elementor-widget elementor-widget-icon-box\" data-id=\"2004580c\" data-element_type=\"widget\" data-widget_type=\"icon-box.default\">\n\t\t\t\t<div class=\"elementor-widget-container\">\n\t\t\t\t\t<div class=\"elementor-icon-box-wrapper\">\n\n\t\t\t\t\t\t<div class=\"elementor-icon-box-icon\">\n\t\t\t\t<span  class=\"elementor-icon elementor-animation-\">\n\t\t\t\t<svg aria-hidden=\"true\" class=\"e-font-icon-svg e-fab-instagram\" viewBox=\"0 0 448 512\" xmlns=\"http:\/\/www.w3.org\/2000\/svg\"><path d=\"M224.1 141c-63.6 0-114.9 51.3-114.9 114.9s51.3 114.9 114.9 114.9S339 319.5 339 255.9 287.7 141 224.1 141zm0 189.6c-41.1 0-74.7-33.5-74.7-74.7s33.5-74.7 74.7-74.7 74.7 33.5 74.7 74.7-33.6 74.7-74.7 74.7zm146.4-194.3c0 14.9-12 26.8-26.8 26.8-14.9 0-26.8-12-26.8-26.8s12-26.8 26.8-26.8 26.8 12 26.8 26.8zm76.1 27.2c-1.7-35.9-9.9-67.7-36.2-93.9-26.2-26.2-58-34.4-93.9-36.2-37-2.1-147.9-2.1-184.9 0-35.8 1.7-67.6 9.9-93.9 36.1s-34.4 58-36.2 93.9c-2.1 37-2.1 147.9 0 184.9 1.7 35.9 9.9 67.7 36.2 93.9s58 34.4 93.9 36.2c37 2.1 147.9 2.1 184.9 0 35.9-1.7 67.7-9.9 93.9-36.2 26.2-26.2 34.4-58 36.2-93.9 2.1-37 2.1-147.8 0-184.8zM398.8 388c-7.8 19.6-22.9 34.7-42.6 42.6-29.5 11.7-99.5 9-132.1 9s-102.7 2.6-132.1-9c-19.6-7.8-34.7-22.9-42.6-42.6-11.7-29.5-9-99.5-9-132.1s-2.6-102.7 9-132.1c7.8-19.6 22.9-34.7 42.6-42.6 29.5-11.7 99.5-9 132.1-9s102.7-2.6 132.1 9c19.6 7.8 34.7 22.9 42.6 42.6 11.7 29.5 9 99.5 9 132.1s2.7 102.7-9 132.1z\"><\/path><\/svg>\t\t\t\t<\/span>\n\t\t\t<\/div>\n\t\t\t\n\t\t\t\t\t\t<div class=\"elementor-icon-box-content\">\n\n\t\t\t\t\t\t\t\t\t<h3 class=\"elementor-icon-box-title\">\n\t\t\t\t\t\t<span  >\n\t\t\t\t\t\t\tEcu\u00e9ntranos en Instagram\t\t\t\t\t\t<\/span>\n\t\t\t\t\t<\/h3>\n\t\t\t\t\n\t\t\t\t\n\t\t\t<\/div>\n\t\t\t\n\t\t<\/div>\n\t\t\t\t<\/div>\n\t\t\t\t<\/div>\n\t\t\t\t<\/div>\n\t\t\t\t\t<\/div>\n\t\t\t\t<\/div>\n\t\t\t\t<section class=\"elementor-section elementor-top-section elementor-element elementor-element-5303afeb elementor-section-height-min-height elementor-section-boxed elementor-section-height-default elementor-section-items-middle\" data-id=\"5303afeb\" data-element_type=\"section\" data-settings=\"{&quot;background_background&quot;:&quot;classic&quot;}\">\n\t\t\t\t\t\t<div class=\"elementor-container elementor-column-gap-default\">\n\t\t\t\t\t<div class=\"aux-parallax-section elementor-column elementor-col-100 elementor-top-column elementor-element elementor-element-3835932a\" data-id=\"3835932a\" data-element_type=\"column\">\n\t\t\t<div class=\"elementor-widget-wrap elementor-element-populated\">\n\t\t\t\t\t\t<div class=\"elementor-element elementor-element-747dea4b elementor-widget elementor-widget-aux_modern_heading\" data-id=\"747dea4b\" data-element_type=\"widget\" data-widget_type=\"aux_modern_heading.default\">\n\t\t\t\t<div class=\"elementor-widget-container\">\n\t\t\t<section class=\"aux-widget-modern-heading\">\n            <div class=\"aux-widget-inner\"><h2 class=\"aux-modern-heading-primary\">Cont\u00e1ctanos y sonr\u00ede con confianza<\/h2><div class=\"aux-modern-heading-divider\"><\/div><\/div>\n        <\/section>\t\t<\/div>\n\t\t\t\t<\/div>\n\t\t<div class=\"elementor-element elementor-element-633abb1e e-flex e-con-boxed e-con e-parent\" data-id=\"633abb1e\" data-element_type=\"container\">\n\t\t\t\t\t<div class=\"e-con-inner\">\n\t\t<div class=\"elementor-element elementor-element-76e9abd3 e-con-full elementor-hidden-mobile e-flex e-con e-child\" data-id=\"76e9abd3\" data-element_type=\"container\">\n\t\t\t\t<\/div>\n\t\t<div class=\"elementor-element elementor-element-7b469ced e-con-full e-flex e-con e-child\" data-id=\"7b469ced\" data-element_type=\"container\">\n\t\t\t\t<div class=\"elementor-element elementor-element-1f01edda elementor-widget elementor-widget-bdt-contact-form-7\" data-id=\"1f01edda\" data-element_type=\"widget\" data-widget_type=\"bdt-contact-form-7.default\">\n\t\t\t\t<div class=\"elementor-widget-container\">\n\t\t\t\n<div class=\"wpcf7 no-js\" id=\"wpcf7-f21-o1\" lang=\"es-ES\" dir=\"ltr\" data-wpcf7-id=\"21\">\n<div class=\"screen-reader-response\"><p role=\"status\" aria-live=\"polite\" aria-atomic=\"true\"><\/p> <ul><\/ul><\/div>\n<form action=\"\/index.php?rest_route=%2Fwp%2Fv2%2Fpages%2F26#wpcf7-f21-o1\" method=\"post\" class=\"wpcf7-form init\" aria-label=\"Formulario de contacto\" novalidate=\"novalidate\" data-status=\"init\">\n<div style=\"display: none;\">\n<input type=\"hidden\" name=\"_wpcf7\" value=\"21\" \/>\n<input type=\"hidden\" name=\"_wpcf7_version\" value=\"6.0.2\" \/>\n<input type=\"hidden\" name=\"_wpcf7_locale\" value=\"es_ES\" \/>\n<input type=\"hidden\" name=\"_wpcf7_unit_tag\" value=\"wpcf7-f21-o1\" \/>\n<input type=\"hidden\" name=\"_wpcf7_container_post\" value=\"0\" \/>\n<input type=\"hidden\" name=\"_wpcf7_posted_data_hash\" value=\"\" \/>\n<\/div>\n<div id=\"responsive-form\" class=\"clearfix\">\n\t<div class=\"form-row\">\n\t\t<div class=\"column-full\">\n\t\t\t<p><span class=\"wpcf7-form-control-wrap\" data-name=\"your-name\"><input size=\"40\" maxlength=\"400\" class=\"wpcf7-form-control wpcf7-text wpcf7-validates-as-required\" aria-required=\"true\" aria-invalid=\"false\" placeholder=\"Nombre completo\" value=\"\" type=\"text\" name=\"your-name\" \/><\/span>\n\t\t\t<\/p>\n\t\t<\/div>\n\t\t<div class=\"form-row\">\n\t\t\t<div class=\"column-half\">\n\t\t\t\t<p><span class=\"wpcf7-form-control-wrap\" data-name=\"tel-usuario\"><input size=\"40\" maxlength=\"400\" class=\"wpcf7-form-control wpcf7-tel wpcf7-validates-as-required wpcf7-text wpcf7-validates-as-tel\" aria-required=\"true\" aria-invalid=\"false\" placeholder=\"Tel\u00e9fono\" value=\"\" type=\"tel\" name=\"tel-usuario\" \/><\/span>\n\t\t\t\t<\/p>\n\t\t\t<\/div>\n\t\t\t<div class=\"column-half\">\n\t\t\t\t<p><span class=\"wpcf7-form-control-wrap\" data-name=\"usuario-email\"><input size=\"40\" maxlength=\"400\" class=\"wpcf7-form-control wpcf7-email wpcf7-validates-as-required wpcf7-text wpcf7-validates-as-email\" aria-required=\"true\" aria-invalid=\"false\" placeholder=\"Email\" value=\"\" type=\"email\" name=\"usuario-email\" \/><\/span>\n\t\t\t\t<\/p>\n\t\t\t<\/div>\n\t\t<\/div>\n\t\t<div class=\"form-row\">\n\t\t\t<div class=\"column-full\">\n\t\t\t\t<p><span class=\"wpcf7-form-control-wrap\" data-name=\"your-message\"><input size=\"40\" maxlength=\"400\" class=\"wpcf7-form-control wpcf7-text\" aria-invalid=\"false\" placeholder=\"Escribe tu mensaje aqu\u00ed\" value=\"\" type=\"text\" name=\"your-message\" \/><\/span>\n\t\t\t\t<\/p>\n\t\t\t<\/div>\n\t\t<\/div>\n\t\t<div class=\"form-row\">\n\t\t\t<div class=\"column-full\">\n\t\t\t\t<p><input class=\"wpcf7-form-control wpcf7-submit has-spinner\" type=\"submit\" value=\"Enviar\" \/>\n\t\t\t\t<\/p>\n\t\t\t<\/div>\n\t\t<\/div>\n\t<\/div><!--end responsive-form-->\n<\/div><div class=\"wpcf7-response-output\" aria-hidden=\"true\"><\/div>\n<\/form>\n<\/div>\n\t\t<\/div>\n\t\t\t\t<\/div>\n\t\t\t\t<\/div>\n\t\t<div class=\"elementor-element elementor-element-195f0a67 e-con-full elementor-hidden-mobile e-flex e-con e-child\" data-id=\"195f0a67\" data-element_type=\"container\">\n\t\t\t\t<\/div>\n\t\t\t\t\t<\/div>\n\t\t\t\t<\/div>\n\t\t\t\t\t<\/div>\n\t\t<\/div>\n\t\t\t\t\t<\/div>\n\t\t<\/section>\n\t\t\t\t<\/div>\n\t\t","protected":false},"excerpt":{"rendered":"<p>Est\u00e9tica &amp; Rehabilitaci\u00f3n Oral Home Corrige y perfecciona tu sonrisa En LCH Odont\u00f3logos, los empastes son m\u00e1s que una soluci\u00f3n com\u00fan: son arte. Nuestro objetivo es que cada empaste se vea y sienta como un diente natural, devolviendo a tu sonrisa su belleza original. Porque cuidar tu salud bucal no tiene precio, pero lograr que [&hellip;]<\/p>\n","protected":false},"author":1,"featured_media":0,"parent":24,"menu_order":0,"comment_status":"closed","ping_status":"closed","template":"","meta":{"footnotes":""},"class_list":["post-26","page","type-page","status-publish","hentry"],"_links":{"self":[{"href":"https:\/\/russo.whitebirdagency.com\/index.php?rest_route=\/wp\/v2\/pages\/26","targetHints":{"allow":["GET"]}}],"collection":[{"href":"https:\/\/russo.whitebirdagency.com\/index.php?rest_route=\/wp\/v2\/pages"}],"about":[{"href":"https:\/\/russo.whitebirdagency.com\/index.php?rest_route=\/wp\/v2\/types\/page"}],"author":[{"embeddable":true,"href":"https:\/\/russo.whitebirdagency.com\/index.php?rest_route=\/wp\/v2\/users\/1"}],"replies":[{"embeddable":true,"href":"https:\/\/russo.whitebirdagency.com\/index.php?rest_route=%2Fwp%2Fv2%2Fcomments&post=26"}],"version-history":[{"count":29,"href":"https:\/\/russo.whitebirdagency.com\/index.php?rest_route=\/wp\/v2\/pages\/26\/revisions"}],"predecessor-version":[{"id":849,"href":"https:\/\/russo.whitebirdagency.com\/index.php?rest_route=\/wp\/v2\/pages\/26\/revisions\/849"}],"up":[{"embeddable":true,"href":"https:\/\/russo.whitebirdagency.com\/index.php?rest_route=\/wp\/v2\/pages\/24"}],"wp:attachment":[{"href":"https:\/\/russo.whitebirdagency.com\/index.php?rest_route=%2Fwp%2Fv2%2Fmedia&parent=26"}],"curies":[{"name":"wp","href":"https:\/\/api.w.org\/{rel}","templated":true}]}}