{"id":30,"date":"2024-12-15T07:28:21","date_gmt":"2024-12-15T06:28:21","guid":{"rendered":"https:\/\/russo.whitebirdagency.com\/?page_id=30"},"modified":"2025-01-20T22:10:23","modified_gmt":"2025-01-20T21:10:23","slug":"endodoncia","status":"publish","type":"page","link":"https:\/\/russo.whitebirdagency.com\/?page_id=30","title":{"rendered":"Endodoncia"},"content":{"rendered":"\t\t<div data-elementor-type=\"wp-page\" data-elementor-id=\"30\" class=\"elementor elementor-30\">\n\t\t\t\t\t\t<section class=\"elementor-section elementor-top-section elementor-element elementor-element-e2951e5 elementor-section-stretched elementor-section-boxed elementor-section-height-default elementor-section-height-default\" data-id=\"e2951e5\" data-element_type=\"section\" data-settings=\"{&quot;background_background&quot;:&quot;classic&quot;,&quot;stretch_section&quot;:&quot;section-stretched&quot;}\">\n\t\t\t\t\t\t<div class=\"elementor-container elementor-column-gap-default\">\n\t\t\t\t\t<div class=\"aux-parallax-section elementor-column elementor-col-100 elementor-top-column elementor-element elementor-element-f33f638\" data-id=\"f33f638\" data-element_type=\"column\">\n\t\t\t<div class=\"elementor-widget-wrap elementor-element-populated\">\n\t\t\t\t\t\t<div class=\"elementor-element elementor-element-ee6c518 elementor-widget elementor-widget-aux_modern_heading\" data-id=\"ee6c518\" data-element_type=\"widget\" data-widget_type=\"aux_modern_heading.default\">\n\t\t\t\t<div class=\"elementor-widget-container\">\n\t\t\t<section class=\"aux-widget-modern-heading\">\n            <div class=\"aux-widget-inner\"><h1 class=\"aux-modern-heading-primary\">Endodoncia<\/h1><\/div>\n        <\/section>\t\t<\/div>\n\t\t\t\t<\/div>\n\t\t\t\t<div class=\"elementor-element elementor-element-7dbd195 elementor-widget elementor-widget-aux_breadcrumbs\" data-id=\"7dbd195\" data-element_type=\"widget\" data-widget_type=\"aux_breadcrumbs.default\">\n\t\t\t\t<div class=\"elementor-widget-container\">\n\t\t\t<div class=\"aux-elementor-breadcrumbs\"><p class=\"aux-breadcrumbs\"><span class=\"aux-breadcrumb-sep breadcrumb-icon auxicon-chevron-right-1\"><\/span><span><a href=\"https:\/\/russo.whitebirdagency.com\" title=\"Home\">Home<\/a><\/span><\/div>\t\t<\/div>\n\t\t\t\t<\/div>\n\t\t\t\t\t<\/div>\n\t\t<\/div>\n\t\t\t\t\t<\/div>\n\t\t<\/section>\n\t\t<div class=\"elementor-element elementor-element-98aafff e-flex e-con-boxed e-con e-parent\" data-id=\"98aafff\" data-element_type=\"container\">\n\t\t\t\t\t<div class=\"e-con-inner\">\n\t\t\t\t<div class=\"elementor-element elementor-element-4325a8c elementor-widget elementor-widget-bdt-animated-card\" data-id=\"4325a8c\" data-element_type=\"widget\" data-widget_type=\"bdt-animated-card.default\">\n\t\t\t\t<div class=\"elementor-widget-container\">\n\t\t\t\t\t<div class=\"bdt-ep-animated-card bdt-style-1\">\n\t\t\t<div class=\"bdt-ep-animated-card-item\">\n\t\t\t\t<div class=\"bdt-ep-animated-card-circle\"><\/div>\n\t\t\t\t<div class=\"bdt-ep-animated-card-content\">\n\t\t\t\t\t\n\t\t\t\t\t\t\t\t\t<h4\t\t\t\t\tclass=\"bdt-ep-animated-card-sub-title\">\n\t\t\t\t\tEndodoncias\t\t\t\t<\/h4>\n\t\t\t\t\t\n\t\t\n\t\t\t\t\t\t\t\t\t<div class=\"bdt-ep-animated-card-text\">\n\t\t\t\t\t<strong>La endodoncia tiene como objetivo principal salvar el diente da\u00f1ado, evitando su extracci\u00f3n y preservando su funcionalidad y est\u00e9tica.<\/strong>En LCHS Odont\u00f3logos, utilizamos tecnolog\u00eda de vanguardia, como instrumentaci\u00f3n rotatoria y obturaci\u00f3n termopl\u00e1stica, para garantizar un tratamiento preciso, eficaz y c\u00f3modo para nuestros pacientes.\t\t\t\t<\/div>\n\t\t\t\t\t\n\t\t\t\t\t<div class=\"bdt-ep-animated-card-btn-wrap\">\n\t\t\t\t<a class=\"bdt-ep-animated-card-btn bdt-display-inline-block bdt-ep-attention-button\" href=\"https:\/\/russo.whitebirdagency.com\/?page_id=38\">\n\t\t\t\t\tCont\u00e1ctanos\t\t\t\t\t\t\t\t\t<\/a>\n\t\t\t<\/div>\n\t\t\t\t\t\t\t<\/div>\n\t\t\t\t<div class=\"bdt-ep-animated-card-img-wrap\"><img fetchpriority=\"high\" decoding=\"async\" width=\"500\" height=\"500\" src=\"https:\/\/russo.whitebirdagency.com\/wp-content\/uploads\/2025\/01\/caries-b.png\" class=\"bdt-ep-animated-card-img\" alt=\"Endodoncia en Coru\u00f1a\" srcset=\"https:\/\/russo.whitebirdagency.com\/wp-content\/uploads\/2025\/01\/caries-b.png 500w, https:\/\/russo.whitebirdagency.com\/wp-content\/uploads\/2025\/01\/caries-b-300x300.png 300w, https:\/\/russo.whitebirdagency.com\/wp-content\/uploads\/2025\/01\/caries-b-150x150.png 150w\" sizes=\"(max-width: 500px) 100vw, 500px\" \/><\/div>\t\t\t<\/div>\n\t\t<\/div>\n\t\t\t\t<\/div>\n\t\t\t\t<\/div>\n\t\t\t\t\t<\/div>\n\t\t\t\t<\/div>\n\t\t\t\t<section class=\"elementor-section elementor-top-section elementor-element elementor-element-f1a98e1 elementor-section-boxed elementor-section-height-default elementor-section-height-default\" data-id=\"f1a98e1\" data-element_type=\"section\">\n\t\t\t\t\t\t<div class=\"elementor-container elementor-column-gap-no\">\n\t\t\t\t\t<div class=\"aux-parallax-section elementor-column elementor-col-50 elementor-top-column elementor-element elementor-element-bc0e3be\" data-id=\"bc0e3be\" data-element_type=\"column\">\n\t\t\t<div class=\"elementor-widget-wrap elementor-element-populated\">\n\t\t\t\t\t\t<div class=\"elementor-element elementor-element-c889cb4 aux-appear-watch-animation aux-scale-up elementor-widget elementor-widget-aux_image\" data-id=\"c889cb4\" data-element_type=\"widget\" data-widget_type=\"aux_image.default\">\n\t\t\t\t<div class=\"elementor-widget-container\">\n\t\t\t<section class=\"widget-container aux-widget-image aux-alignnone aux-parent-aua0239101\">\n    <div class=\"aux-media-hint-frame \">\n        <div class=\"aux-media-image  aux-tilt-box\" >\n        \n            \n\n            \n            <img decoding=\"async\" width=\"989\" height=\"659\" src=\"https:\/\/russo.whitebirdagency.com\/wp-content\/uploads\/2025\/01\/Atencion-dental-personalizada-en-un-entorno-profesional-LHCS-Odontologos-40x27.webp\" class=\"aux-attachment aux-featured-image aux-attachment-id-648 aux-preload aux-has-preview\" alt=\"Mujer recibiendo un tratamiento dental por parte de una dentista con herramientas avanzadas.\" data-ratio=\"1.5\" data-original-w=\"989\" data-src=\"https:\/\/russo.whitebirdagency.com\/wp-content\/uploads\/2025\/01\/Atencion-dental-personalizada-en-un-entorno-profesional-LHCS-Odontologos.webp\" \/>            \n                <\/div>\n    <\/div>\n\n<\/section><!-- widget-container -->\t\t<\/div>\n\t\t\t\t<\/div>\n\t\t\t\t<div class=\"elementor-element elementor-element-7524bf8 aux-appear-watch-animation aux-fade-in-right elementor-widget elementor-widget-aux_modern_heading\" data-id=\"7524bf8\" data-element_type=\"widget\" data-widget_type=\"aux_modern_heading.default\">\n\t\t\t\t<div class=\"elementor-widget-container\">\n\t\t\t<section class=\"aux-widget-modern-heading\">\n            <div class=\"aux-widget-inner\"><h3 class=\"aux-modern-heading-primary\">\u00a1Conf\u00eda en nosotros para transformar \ntu sonrisa y mejorar tu calidad de vida!<\/h3><\/div>\n        <\/section>\t\t<\/div>\n\t\t\t\t<\/div>\n\t\t\t\t<div class=\"elementor-element elementor-element-73029f6 elementor-widget elementor-widget-aux_modern_button\" data-id=\"73029f6\" data-element_type=\"widget\" data-settings=\"{&quot;ep_widget_cf_colors&quot;:&quot;#D30C5C, #0EBCDC, #EAED41, #ED5A78, #DF33DF&quot;,&quot;ep_widget_cf_shapes&quot;:&quot;square|circle&quot;,&quot;ep_widget_cf_confetti&quot;:&quot;yes&quot;,&quot;ep_widget_cf_trigger_type&quot;:&quot;click&quot;,&quot;ep_widget_cf_type&quot;:&quot;basic&quot;,&quot;ep_widget_cf_particle_count&quot;:{&quot;unit&quot;:&quot;px&quot;,&quot;size&quot;:&quot;&quot;,&quot;sizes&quot;:[]},&quot;ep_widget_cf_start_velocity&quot;:{&quot;unit&quot;:&quot;px&quot;,&quot;size&quot;:&quot;&quot;,&quot;sizes&quot;:[]},&quot;ep_widget_cf_spread&quot;:{&quot;unit&quot;:&quot;px&quot;,&quot;size&quot;:&quot;&quot;,&quot;sizes&quot;:[]},&quot;ep_widget_cf_shape_type&quot;:&quot;basic&quot;,&quot;ep_widget_cf_scalar&quot;:{&quot;unit&quot;:&quot;px&quot;,&quot;size&quot;:&quot;&quot;,&quot;sizes&quot;:[]}}\" data-widget_type=\"aux_modern_button.default\">\n\t\t\t\t<div class=\"elementor-widget-container\">\n\t\t\t    <div class=\"aux-modern-button-wrapper aux-modern-button-align-center\" >\n                    <a class=\"aux-modern-button aux-black aux-modern-button-lg aux-modern-button-curve aux-modern-button-default aux-icon-\">\n                <div class=\"aux-overlay\"><\/div>\n                                    <div class=\"aux-icon \">\n                                            <\/div>\n                                <div class=\"aux-text\">\n<span class=\"aux-text-before\">Reserva tu cita<\/span>                <\/div>\n            <\/a>\n            \n    <\/div>\n\n    \t\t<\/div>\n\t\t\t\t<\/div>\n\t\t\t\t\t<\/div>\n\t\t<\/div>\n\t\t\t\t<div class=\"aux-parallax-section elementor-column elementor-col-50 elementor-top-column elementor-element elementor-element-b87745b\" data-id=\"b87745b\" data-element_type=\"column\">\n\t\t\t<div class=\"elementor-widget-wrap elementor-element-populated\">\n\t\t\t\t\t\t<div class=\"elementor-element elementor-element-e5bd109 aux-appear-watch-animation aux-fade-in-up-1 elementor-widget elementor-widget-aux_modern_heading\" data-id=\"e5bd109\" data-element_type=\"widget\" data-widget_type=\"aux_modern_heading.default\">\n\t\t\t\t<div class=\"elementor-widget-container\">\n\t\t\t<section class=\"aux-widget-modern-heading\">\n            <div class=\"aux-widget-inner\"><h3 class=\"aux-modern-heading-primary\">Salva tu diente<\/h3><h3 class=\"aux-modern-heading-secondary\"><span class=\"aux-head-after\">recupera tu sonrisa<\/span><\/h3><div class=\"aux-modern-heading-divider\"><\/div><div class=\"aux-modern-heading-description\"><p class=\"p1\">En <b>LCHS Odont\u00f3logos<\/b>, la endodoncia es la soluci\u00f3n ideal para conservar dientes da\u00f1ados, evitando su p\u00e9rdida y restaurando su funcionalidad. Este tratamiento, tambi\u00e9n conocido como \u201ctratamiento de conductos\u201d, protege tu salud bucal y asegura una sonrisa completa.<\/p><p class=\"p3\"><b>\u00bfEn qu\u00e9 consiste la endodoncia?<\/b><b><\/b><\/p><p class=\"p1\">El tratamiento incluye:<\/p><p class=\"p4\">\u2022<b>Eliminaci\u00f3n del tejido infectado:<\/b> Eliminamos la pulpa da\u00f1ada o infectada.<\/p><p class=\"p4\">\u2022<b>Limpieza y desinfecci\u00f3n:<\/b> Aseguramos que los conductos queden completamente limpios.<\/p><p class=\"p4\">\u2022<b>Relleno y sellado:<\/b> Utilizamos materiales biocompatibles para proteger el diente.<\/p><p class=\"p1\">En algunos casos, se refuerza el diente con una corona o incrustaci\u00f3n para garantizar su durabilidad.<\/p><p class=\"p3\"><b>\u00bfCu\u00e1ndo es necesaria una endodoncia?<\/b><b><\/b><\/p><p class=\"p1\">Recomendamos este tratamiento en situaciones como:<\/p><p class=\"p4\">\u2022Caries profundas que afectan el nervio.<\/p><p class=\"p4\">\u2022Traumatismos dentales o fracturas.<\/p><p class=\"p4\">\u2022Bruxismo prolongado que provoca da\u00f1o interno.<\/p><p class=\"p3\"><b>\u00bfPor qu\u00e9 elegirnos?<\/b><b><\/b><\/p><p class=\"p1\">En <b>LCHS Odont\u00f3logos<\/b>, empleamos instrumentaci\u00f3n rotatoria y obturaci\u00f3n termopl\u00e1stica para garantizar precisi\u00f3n, rapidez y comodidad durante el tratamiento. Nuestro enfoque combina tecnolog\u00eda avanzada y cuidado personalizado, brind\u00e1ndote la mejor experiencia.<\/p><p class=\"p3\"><b>No ignores las se\u00f1ales<\/b><b><\/b><\/p><\/div><\/div>\n        <\/section>\t\t<\/div>\n\t\t\t\t<\/div>\n\t\t\t\t\t<\/div>\n\t\t<\/div>\n\t\t\t\t\t<\/div>\n\t\t<\/section>\n\t\t<div class=\"elementor-element elementor-element-b85cea6 e-flex e-con-boxed e-con e-parent\" data-id=\"b85cea6\" data-element_type=\"container\" data-settings=\"{&quot;background_background&quot;:&quot;gradient&quot;}\">\n\t\t\t\t\t<div class=\"e-con-inner\">\n\t\t<div class=\"elementor-element elementor-element-7e84d0d e-con-full e-flex e-con e-child\" data-id=\"7e84d0d\" data-element_type=\"container\" data-settings=\"{&quot;background_background&quot;:&quot;classic&quot;}\">\n\t\t\t\t<div class=\"elementor-element elementor-element-98d210e elementor-view-default elementor-position-top elementor-mobile-position-top elementor-widget elementor-widget-icon-box\" data-id=\"98d210e\" data-element_type=\"widget\" data-widget_type=\"icon-box.default\">\n\t\t\t\t<div class=\"elementor-widget-container\">\n\t\t\t\t\t<div class=\"elementor-icon-box-wrapper\">\n\n\t\t\t\t\t\t<div class=\"elementor-icon-box-icon\">\n\t\t\t\t<span  class=\"elementor-icon elementor-animation-\">\n\t\t\t\t<svg aria-hidden=\"true\" class=\"e-font-icon-svg e-fab-instagram\" viewBox=\"0 0 448 512\" xmlns=\"http:\/\/www.w3.org\/2000\/svg\"><path d=\"M224.1 141c-63.6 0-114.9 51.3-114.9 114.9s51.3 114.9 114.9 114.9S339 319.5 339 255.9 287.7 141 224.1 141zm0 189.6c-41.1 0-74.7-33.5-74.7-74.7s33.5-74.7 74.7-74.7 74.7 33.5 74.7 74.7-33.6 74.7-74.7 74.7zm146.4-194.3c0 14.9-12 26.8-26.8 26.8-14.9 0-26.8-12-26.8-26.8s12-26.8 26.8-26.8 26.8 12 26.8 26.8zm76.1 27.2c-1.7-35.9-9.9-67.7-36.2-93.9-26.2-26.2-58-34.4-93.9-36.2-37-2.1-147.9-2.1-184.9 0-35.8 1.7-67.6 9.9-93.9 36.1s-34.4 58-36.2 93.9c-2.1 37-2.1 147.9 0 184.9 1.7 35.9 9.9 67.7 36.2 93.9s58 34.4 93.9 36.2c37 2.1 147.9 2.1 184.9 0 35.9-1.7 67.7-9.9 93.9-36.2 26.2-26.2 34.4-58 36.2-93.9 2.1-37 2.1-147.8 0-184.8zM398.8 388c-7.8 19.6-22.9 34.7-42.6 42.6-29.5 11.7-99.5 9-132.1 9s-102.7 2.6-132.1-9c-19.6-7.8-34.7-22.9-42.6-42.6-11.7-29.5-9-99.5-9-132.1s-2.6-102.7 9-132.1c7.8-19.6 22.9-34.7 42.6-42.6 29.5-11.7 99.5-9 132.1-9s102.7-2.6 132.1 9c19.6 7.8 34.7 22.9 42.6 42.6 11.7 29.5 9 99.5 9 132.1s2.7 102.7-9 132.1z\"><\/path><\/svg>\t\t\t\t<\/span>\n\t\t\t<\/div>\n\t\t\t\n\t\t\t\t\t\t<div class=\"elementor-icon-box-content\">\n\n\t\t\t\t\t\t\t\t\t<h3 class=\"elementor-icon-box-title\">\n\t\t\t\t\t\t<span  >\n\t\t\t\t\t\t\tEcu\u00e9ntranos en Instagram\t\t\t\t\t\t<\/span>\n\t\t\t\t\t<\/h3>\n\t\t\t\t\n\t\t\t\t\n\t\t\t<\/div>\n\t\t\t\n\t\t<\/div>\n\t\t\t\t<\/div>\n\t\t\t\t<\/div>\n\t\t\t\t<\/div>\n\t\t\t\t\t<\/div>\n\t\t\t\t<\/div>\n\t\t\t\t<section class=\"elementor-section elementor-top-section elementor-element elementor-element-d8e5b59 elementor-section-height-min-height elementor-section-boxed elementor-section-height-default elementor-section-items-middle\" data-id=\"d8e5b59\" data-element_type=\"section\" data-settings=\"{&quot;background_background&quot;:&quot;classic&quot;}\">\n\t\t\t\t\t\t<div class=\"elementor-container elementor-column-gap-default\">\n\t\t\t\t\t<div class=\"aux-parallax-section elementor-column elementor-col-100 elementor-top-column elementor-element elementor-element-e1e3a63\" data-id=\"e1e3a63\" data-element_type=\"column\">\n\t\t\t<div class=\"elementor-widget-wrap elementor-element-populated\">\n\t\t\t\t\t\t<div class=\"elementor-element elementor-element-083325c elementor-widget elementor-widget-aux_modern_heading\" data-id=\"083325c\" data-element_type=\"widget\" data-widget_type=\"aux_modern_heading.default\">\n\t\t\t\t<div class=\"elementor-widget-container\">\n\t\t\t<section class=\"aux-widget-modern-heading\">\n            <div class=\"aux-widget-inner\"><h2 class=\"aux-modern-heading-primary\">Cont\u00e1ctanos y sonr\u00ede con confianza<\/h2><div class=\"aux-modern-heading-divider\"><\/div><\/div>\n        <\/section>\t\t<\/div>\n\t\t\t\t<\/div>\n\t\t<div class=\"elementor-element elementor-element-72f7866 e-flex e-con-boxed e-con e-parent\" data-id=\"72f7866\" data-element_type=\"container\">\n\t\t\t\t\t<div class=\"e-con-inner\">\n\t\t<div class=\"elementor-element elementor-element-e85ce5b e-con-full elementor-hidden-mobile e-flex e-con e-child\" data-id=\"e85ce5b\" data-element_type=\"container\">\n\t\t\t\t<\/div>\n\t\t<div class=\"elementor-element elementor-element-c018f3d e-con-full e-flex e-con e-child\" data-id=\"c018f3d\" data-element_type=\"container\">\n\t\t\t\t<div class=\"elementor-element elementor-element-2b7e490 elementor-widget elementor-widget-bdt-contact-form-7\" data-id=\"2b7e490\" data-element_type=\"widget\" data-widget_type=\"bdt-contact-form-7.default\">\n\t\t\t\t<div class=\"elementor-widget-container\">\n\t\t\t\n<div class=\"wpcf7 no-js\" id=\"wpcf7-f21-o1\" lang=\"es-ES\" dir=\"ltr\" data-wpcf7-id=\"21\">\n<div class=\"screen-reader-response\"><p role=\"status\" aria-live=\"polite\" aria-atomic=\"true\"><\/p> <ul><\/ul><\/div>\n<form action=\"\/index.php?rest_route=%2Fwp%2Fv2%2Fpages%2F30#wpcf7-f21-o1\" method=\"post\" class=\"wpcf7-form init\" aria-label=\"Formulario de contacto\" novalidate=\"novalidate\" data-status=\"init\">\n<div style=\"display: none;\">\n<input type=\"hidden\" name=\"_wpcf7\" value=\"21\" \/>\n<input type=\"hidden\" name=\"_wpcf7_version\" value=\"6.0.2\" \/>\n<input type=\"hidden\" name=\"_wpcf7_locale\" value=\"es_ES\" \/>\n<input type=\"hidden\" name=\"_wpcf7_unit_tag\" value=\"wpcf7-f21-o1\" \/>\n<input type=\"hidden\" name=\"_wpcf7_container_post\" value=\"0\" \/>\n<input type=\"hidden\" name=\"_wpcf7_posted_data_hash\" value=\"\" \/>\n<\/div>\n<div id=\"responsive-form\" class=\"clearfix\">\n\t<div class=\"form-row\">\n\t\t<div class=\"column-full\">\n\t\t\t<p><span class=\"wpcf7-form-control-wrap\" data-name=\"your-name\"><input size=\"40\" maxlength=\"400\" class=\"wpcf7-form-control wpcf7-text wpcf7-validates-as-required\" aria-required=\"true\" aria-invalid=\"false\" placeholder=\"Nombre completo\" value=\"\" type=\"text\" name=\"your-name\" \/><\/span>\n\t\t\t<\/p>\n\t\t<\/div>\n\t\t<div class=\"form-row\">\n\t\t\t<div class=\"column-half\">\n\t\t\t\t<p><span class=\"wpcf7-form-control-wrap\" data-name=\"tel-usuario\"><input size=\"40\" maxlength=\"400\" class=\"wpcf7-form-control wpcf7-tel wpcf7-validates-as-required wpcf7-text wpcf7-validates-as-tel\" aria-required=\"true\" aria-invalid=\"false\" placeholder=\"Tel\u00e9fono\" value=\"\" type=\"tel\" name=\"tel-usuario\" \/><\/span>\n\t\t\t\t<\/p>\n\t\t\t<\/div>\n\t\t\t<div class=\"column-half\">\n\t\t\t\t<p><span class=\"wpcf7-form-control-wrap\" data-name=\"usuario-email\"><input size=\"40\" maxlength=\"400\" class=\"wpcf7-form-control wpcf7-email wpcf7-validates-as-required wpcf7-text wpcf7-validates-as-email\" aria-required=\"true\" aria-invalid=\"false\" placeholder=\"Email\" value=\"\" type=\"email\" name=\"usuario-email\" \/><\/span>\n\t\t\t\t<\/p>\n\t\t\t<\/div>\n\t\t<\/div>\n\t\t<div class=\"form-row\">\n\t\t\t<div class=\"column-full\">\n\t\t\t\t<p><span class=\"wpcf7-form-control-wrap\" data-name=\"your-message\"><input size=\"40\" maxlength=\"400\" class=\"wpcf7-form-control wpcf7-text\" aria-invalid=\"false\" placeholder=\"Escribe tu mensaje aqu\u00ed\" value=\"\" type=\"text\" name=\"your-message\" \/><\/span>\n\t\t\t\t<\/p>\n\t\t\t<\/div>\n\t\t<\/div>\n\t\t<div class=\"form-row\">\n\t\t\t<div class=\"column-full\">\n\t\t\t\t<p><input class=\"wpcf7-form-control wpcf7-submit has-spinner\" type=\"submit\" value=\"Enviar\" \/>\n\t\t\t\t<\/p>\n\t\t\t<\/div>\n\t\t<\/div>\n\t<\/div><!--end responsive-form-->\n<\/div><div class=\"wpcf7-response-output\" aria-hidden=\"true\"><\/div>\n<\/form>\n<\/div>\n\t\t<\/div>\n\t\t\t\t<\/div>\n\t\t\t\t<\/div>\n\t\t<div class=\"elementor-element elementor-element-945e7b2 e-con-full elementor-hidden-mobile e-flex e-con e-child\" data-id=\"945e7b2\" data-element_type=\"container\">\n\t\t\t\t<\/div>\n\t\t\t\t\t<\/div>\n\t\t\t\t<\/div>\n\t\t\t\t\t<\/div>\n\t\t<\/div>\n\t\t\t\t\t<\/div>\n\t\t<\/section>\n\t\t\t\t<\/div>\n\t\t","protected":false},"excerpt":{"rendered":"<p>Endodoncia Home Endodoncias La endodoncia tiene como objetivo principal salvar el diente da\u00f1ado, evitando su extracci\u00f3n y preservando su funcionalidad y est\u00e9tica.En LCHS Odont\u00f3logos, utilizamos tecnolog\u00eda de vanguardia, como instrumentaci\u00f3n rotatoria y obturaci\u00f3n termopl\u00e1stica, para garantizar un tratamiento preciso, eficaz y c\u00f3modo para nuestros pacientes. Cont\u00e1ctanos \u00a1Conf\u00eda en nosotros para transformar tu sonrisa y mejorar [&hellip;]<\/p>\n","protected":false},"author":1,"featured_media":0,"parent":24,"menu_order":0,"comment_status":"closed","ping_status":"closed","template":"","meta":{"footnotes":""},"class_list":["post-30","page","type-page","status-publish","hentry"],"_links":{"self":[{"href":"https:\/\/russo.whitebirdagency.com\/index.php?rest_route=\/wp\/v2\/pages\/30","targetHints":{"allow":["GET"]}}],"collection":[{"href":"https:\/\/russo.whitebirdagency.com\/index.php?rest_route=\/wp\/v2\/pages"}],"about":[{"href":"https:\/\/russo.whitebirdagency.com\/index.php?rest_route=\/wp\/v2\/types\/page"}],"author":[{"embeddable":true,"href":"https:\/\/russo.whitebirdagency.com\/index.php?rest_route=\/wp\/v2\/users\/1"}],"replies":[{"embeddable":true,"href":"https:\/\/russo.whitebirdagency.com\/index.php?rest_route=%2Fwp%2Fv2%2Fcomments&post=30"}],"version-history":[{"count":58,"href":"https:\/\/russo.whitebirdagency.com\/index.php?rest_route=\/wp\/v2\/pages\/30\/revisions"}],"predecessor-version":[{"id":852,"href":"https:\/\/russo.whitebirdagency.com\/index.php?rest_route=\/wp\/v2\/pages\/30\/revisions\/852"}],"up":[{"embeddable":true,"href":"https:\/\/russo.whitebirdagency.com\/index.php?rest_route=\/wp\/v2\/pages\/24"}],"wp:attachment":[{"href":"https:\/\/russo.whitebirdagency.com\/index.php?rest_route=%2Fwp%2Fv2%2Fmedia&parent=30"}],"curies":[{"name":"wp","href":"https:\/\/api.w.org\/{rel}","templated":true}]}}