{"id":34,"date":"2024-12-15T07:28:59","date_gmt":"2024-12-15T06:28:59","guid":{"rendered":"https:\/\/russo.whitebirdagency.com\/?page_id=34"},"modified":"2025-01-20T22:07:51","modified_gmt":"2025-01-20T21:07:51","slug":"implantes","status":"publish","type":"page","link":"https:\/\/russo.whitebirdagency.com\/?page_id=34","title":{"rendered":"Implantes"},"content":{"rendered":"\t\t<div data-elementor-type=\"wp-page\" data-elementor-id=\"34\" class=\"elementor elementor-34\">\n\t\t\t\t\t\t<section class=\"elementor-section elementor-top-section elementor-element elementor-element-5ced70e4 elementor-section-stretched elementor-section-boxed elementor-section-height-default elementor-section-height-default\" data-id=\"5ced70e4\" data-element_type=\"section\" data-settings=\"{&quot;background_background&quot;:&quot;classic&quot;,&quot;stretch_section&quot;:&quot;section-stretched&quot;}\">\n\t\t\t\t\t\t<div class=\"elementor-container elementor-column-gap-default\">\n\t\t\t\t\t<div class=\"aux-parallax-section elementor-column elementor-col-100 elementor-top-column elementor-element elementor-element-364d04af\" data-id=\"364d04af\" data-element_type=\"column\">\n\t\t\t<div class=\"elementor-widget-wrap elementor-element-populated\">\n\t\t\t\t\t\t<div class=\"elementor-element elementor-element-16acd82a elementor-widget elementor-widget-aux_modern_heading\" data-id=\"16acd82a\" data-element_type=\"widget\" data-widget_type=\"aux_modern_heading.default\">\n\t\t\t\t<div class=\"elementor-widget-container\">\n\t\t\t<section class=\"aux-widget-modern-heading\">\n            <div class=\"aux-widget-inner\"><h1 class=\"aux-modern-heading-primary\">Implantes<\/h1><\/div>\n        <\/section>\t\t<\/div>\n\t\t\t\t<\/div>\n\t\t\t\t<div class=\"elementor-element elementor-element-4caadbea elementor-widget elementor-widget-aux_breadcrumbs\" data-id=\"4caadbea\" data-element_type=\"widget\" data-widget_type=\"aux_breadcrumbs.default\">\n\t\t\t\t<div class=\"elementor-widget-container\">\n\t\t\t<div class=\"aux-elementor-breadcrumbs\"><p class=\"aux-breadcrumbs\"><span class=\"aux-breadcrumb-sep breadcrumb-icon auxicon-chevron-right-1\"><\/span><span><a href=\"https:\/\/russo.whitebirdagency.com\" title=\"Home\">Home<\/a><\/span><\/div>\t\t<\/div>\n\t\t\t\t<\/div>\n\t\t\t\t\t<\/div>\n\t\t<\/div>\n\t\t\t\t\t<\/div>\n\t\t<\/section>\n\t\t<div class=\"elementor-element elementor-element-453dc7aa e-flex e-con-boxed e-con e-parent\" data-id=\"453dc7aa\" data-element_type=\"container\">\n\t\t\t\t\t<div class=\"e-con-inner\">\n\t\t\t\t<div class=\"elementor-element elementor-element-4144a76b elementor-widget elementor-widget-bdt-animated-card\" data-id=\"4144a76b\" data-element_type=\"widget\" data-widget_type=\"bdt-animated-card.default\">\n\t\t\t\t<div class=\"elementor-widget-container\">\n\t\t\t\t\t<div class=\"bdt-ep-animated-card bdt-style-1\">\n\t\t\t<div class=\"bdt-ep-animated-card-item\">\n\t\t\t\t<div class=\"bdt-ep-animated-card-circle\"><\/div>\n\t\t\t\t<div class=\"bdt-ep-animated-card-content\">\n\t\t\t\t\t\n\t\t\t\t\t\t\t\t\t<h4\t\t\t\t\tclass=\"bdt-ep-animated-card-sub-title\">\n\t\t\t\t\tImplantes Dentales\t\t\t\t<\/h4>\n\t\t\t\t\t\n\t\t\n\t\t\t\t\t\t\t\t\t<div class=\"bdt-ep-animated-card-text\">\n\t\t\t\t\tRecupera tu sonrisa con una ra\u00edz artificial de titanio que se fusiona perfectamente con el hueso, creando una base s\u00f3lida para coronas o puentes. Vive la comodidad, funcionalidad y est\u00e9tica que transforman tu calidad de vida.\t\t\t\t<\/div>\n\t\t\t\t\t\n\t\t\t\t\t<div class=\"bdt-ep-animated-card-btn-wrap\">\n\t\t\t\t<a class=\"bdt-ep-animated-card-btn bdt-display-inline-block bdt-ep-attention-button\" href=\"https:\/\/russo.whitebirdagency.com\/?page_id=38\">\n\t\t\t\t\tCont\u00e1ctanos\t\t\t\t\t\t\t\t\t<\/a>\n\t\t\t<\/div>\n\t\t\t\t\t\t\t<\/div>\n\t\t\t\t<div class=\"bdt-ep-animated-card-img-wrap\"><img fetchpriority=\"high\" decoding=\"async\" width=\"500\" height=\"500\" src=\"https:\/\/russo.whitebirdagency.com\/wp-content\/uploads\/2025\/01\/implante-b.png\" class=\"bdt-ep-animated-card-img\" alt=\"\" srcset=\"https:\/\/russo.whitebirdagency.com\/wp-content\/uploads\/2025\/01\/implante-b.png 500w, https:\/\/russo.whitebirdagency.com\/wp-content\/uploads\/2025\/01\/implante-b-300x300.png 300w, https:\/\/russo.whitebirdagency.com\/wp-content\/uploads\/2025\/01\/implante-b-150x150.png 150w\" sizes=\"(max-width: 500px) 100vw, 500px\" \/><\/div>\t\t\t<\/div>\n\t\t<\/div>\n\t\t\t\t<\/div>\n\t\t\t\t<\/div>\n\t\t\t\t\t<\/div>\n\t\t\t\t<\/div>\n\t\t\t\t<section class=\"elementor-section elementor-top-section elementor-element elementor-element-1b7e59db elementor-section-boxed elementor-section-height-default elementor-section-height-default\" data-id=\"1b7e59db\" data-element_type=\"section\">\n\t\t\t\t\t\t<div class=\"elementor-container elementor-column-gap-no\">\n\t\t\t\t\t<div class=\"aux-parallax-section elementor-column elementor-col-50 elementor-top-column elementor-element elementor-element-75187d4b\" data-id=\"75187d4b\" data-element_type=\"column\">\n\t\t\t<div class=\"elementor-widget-wrap elementor-element-populated\">\n\t\t\t\t\t\t<div class=\"elementor-element elementor-element-5a32f42b aux-appear-watch-animation aux-scale-up elementor-widget elementor-widget-aux_image\" data-id=\"5a32f42b\" data-element_type=\"widget\" data-widget_type=\"aux_image.default\">\n\t\t\t\t<div class=\"elementor-widget-container\">\n\t\t\t<section class=\"widget-container aux-widget-image aux-alignnone aux-parent-au3c859d7c\">\n    <div class=\"aux-media-hint-frame \">\n        <div class=\"aux-media-image  aux-tilt-box\" >\n        \n            \n\n            \n            <img decoding=\"async\" width=\"989\" height=\"659\" src=\"https:\/\/russo.whitebirdagency.com\/wp-content\/uploads\/2025\/01\/Modelo-de-implante-dental-sostenido-por-una-dentista-LHCS-Odontologos-40x27.webp\" class=\"aux-attachment aux-featured-image aux-attachment-id-654 aux-preload aux-has-preview\" alt=\"Dentista mostrando un modelo de implante dental con una sonrisa.\" data-ratio=\"1.5\" data-original-w=\"989\" data-src=\"https:\/\/russo.whitebirdagency.com\/wp-content\/uploads\/2025\/01\/Modelo-de-implante-dental-sostenido-por-una-dentista-LHCS-Odontologos.webp\" \/>            \n                <\/div>\n    <\/div>\n\n<\/section><!-- widget-container -->\t\t<\/div>\n\t\t\t\t<\/div>\n\t\t\t\t<div class=\"elementor-element elementor-element-6846fa85 aux-appear-watch-animation aux-fade-in-right elementor-widget elementor-widget-aux_modern_heading\" data-id=\"6846fa85\" data-element_type=\"widget\" data-widget_type=\"aux_modern_heading.default\">\n\t\t\t\t<div class=\"elementor-widget-container\">\n\t\t\t<section class=\"aux-widget-modern-heading\">\n            <div class=\"aux-widget-inner\"><h3 class=\"aux-modern-heading-primary\">Recupera tu sonrisa y funcionalidad con implantes de alta calidad. \u00a1Conf\u00eda en nosotros para restaurar tu confianza y mejorar tu calidad de vida hoy!<\/h3><\/div>\n        <\/section>\t\t<\/div>\n\t\t\t\t<\/div>\n\t\t\t\t<div class=\"elementor-element elementor-element-4c4c62d5 elementor-widget elementor-widget-aux_modern_button\" data-id=\"4c4c62d5\" data-element_type=\"widget\" data-settings=\"{&quot;ep_widget_cf_colors&quot;:&quot;#D30C5C, #0EBCDC, #EAED41, #ED5A78, #DF33DF&quot;,&quot;ep_widget_cf_shapes&quot;:&quot;square|circle&quot;,&quot;ep_widget_cf_confetti&quot;:&quot;yes&quot;,&quot;ep_widget_cf_trigger_type&quot;:&quot;click&quot;,&quot;ep_widget_cf_type&quot;:&quot;basic&quot;,&quot;ep_widget_cf_particle_count&quot;:{&quot;unit&quot;:&quot;px&quot;,&quot;size&quot;:&quot;&quot;,&quot;sizes&quot;:[]},&quot;ep_widget_cf_start_velocity&quot;:{&quot;unit&quot;:&quot;px&quot;,&quot;size&quot;:&quot;&quot;,&quot;sizes&quot;:[]},&quot;ep_widget_cf_spread&quot;:{&quot;unit&quot;:&quot;px&quot;,&quot;size&quot;:&quot;&quot;,&quot;sizes&quot;:[]},&quot;ep_widget_cf_shape_type&quot;:&quot;basic&quot;,&quot;ep_widget_cf_scalar&quot;:{&quot;unit&quot;:&quot;px&quot;,&quot;size&quot;:&quot;&quot;,&quot;sizes&quot;:[]}}\" data-widget_type=\"aux_modern_button.default\">\n\t\t\t\t<div class=\"elementor-widget-container\">\n\t\t\t    <div class=\"aux-modern-button-wrapper aux-modern-button-align-center\" >\n                    <a class=\"aux-modern-button aux-black aux-modern-button-lg aux-modern-button-curve aux-modern-button-default aux-icon-\">\n                <div class=\"aux-overlay\"><\/div>\n                                    <div class=\"aux-icon \">\n                                            <\/div>\n                                <div class=\"aux-text\">\n<span class=\"aux-text-before\">Reserva tu cita<\/span>                <\/div>\n            <\/a>\n            \n    <\/div>\n\n    \t\t<\/div>\n\t\t\t\t<\/div>\n\t\t\t\t\t<\/div>\n\t\t<\/div>\n\t\t\t\t<div class=\"aux-parallax-section elementor-column elementor-col-50 elementor-top-column elementor-element elementor-element-43087e61\" data-id=\"43087e61\" data-element_type=\"column\">\n\t\t\t<div class=\"elementor-widget-wrap elementor-element-populated\">\n\t\t\t\t\t\t<div class=\"elementor-element elementor-element-282cc2d4 aux-appear-watch-animation aux-fade-in-up-1 elementor-widget elementor-widget-aux_modern_heading\" data-id=\"282cc2d4\" data-element_type=\"widget\" data-widget_type=\"aux_modern_heading.default\">\n\t\t\t\t<div class=\"elementor-widget-container\">\n\t\t\t<section class=\"aux-widget-modern-heading\">\n            <div class=\"aux-widget-inner\"><h3 class=\"aux-modern-heading-primary\">Recupera tu sonrisa,<\/h3><h3 class=\"aux-modern-heading-secondary\"><span class=\"aux-head-after\">mejora tu calidad de vida.<\/span><\/h3><div class=\"aux-modern-heading-divider\"><\/div><div class=\"aux-modern-heading-description\"><p class=\"p1\">Cuando perdemos uno o varios dientes, no solo afecta nuestra sonrisa, sino tambi\u00e9n nuestra salud general y emocional. En <b>LCHS Odont\u00f3logos<\/b>, ofrecemos soluciones avanzadas de implantes dentales que no solo reemplazan tus dientes, sino que tambi\u00e9n restauran tu confianza y funcionalidad oral.<\/p><p class=\"p3\"><b>\u00bfQu\u00e9 son los implantes dentales?<\/b><b><\/b><\/p><p class=\"p1\">Un implante dental es una ra\u00edz artificial de titanio que se integra al hueso maxilar, proporcionando una base s\u00f3lida para coronas o puentes. Esto permite restaurar la funci\u00f3n y est\u00e9tica de tu sonrisa con resultados duraderos y naturales.<\/p><p class=\"p3\"><b>Beneficios de los implantes dentales:<\/b><b><\/b><\/p><p class=\"p4\">\u2022<b>Mejoran tu salud general:<\/b> Recupera la capacidad de masticar todo tipo de alimentos, asegurando un aporte adecuado de nutrientes.<\/p><p class=\"p4\">\u2022<b>Refuerzan tu autoestima:<\/b> Vuelve a sonre\u00edr, socializar y disfrutar sin preocuparte por la falta de dientes.<\/p><p class=\"p4\">\u2022<b>Protegen tu boca:<\/b> Evitan la reabsorci\u00f3n \u00f3sea y el movimiento de dientes adyacentes tras la p\u00e9rdida dental.<\/p><p class=\"p3\"><b>\u00bfPor qu\u00e9 elegirnos?<\/b><b><\/b><\/p><p class=\"p1\">En <b>LCHS Odont\u00f3logos<\/b>, trabajamos exclusivamente con implantes de alta calidad como <b>Straumann<\/b> y <b>BTI<\/b>, l\u00edderes en el sector, para garantizar resultados \u00f3ptimos. Nuestro equipo combina experiencia, tecnolog\u00eda avanzada y un trato personalizado en cada caso.<\/p><\/div><\/div>\n        <\/section>\t\t<\/div>\n\t\t\t\t<\/div>\n\t\t\t\t\t<\/div>\n\t\t<\/div>\n\t\t\t\t\t<\/div>\n\t\t<\/section>\n\t\t<div class=\"elementor-element elementor-element-67166372 e-flex e-con-boxed e-con e-parent\" data-id=\"67166372\" data-element_type=\"container\" data-settings=\"{&quot;background_background&quot;:&quot;gradient&quot;}\">\n\t\t\t\t\t<div class=\"e-con-inner\">\n\t\t<div class=\"elementor-element elementor-element-5fb1fa37 e-con-full e-flex e-con e-child\" data-id=\"5fb1fa37\" data-element_type=\"container\" data-settings=\"{&quot;background_background&quot;:&quot;classic&quot;}\">\n\t\t\t\t<div class=\"elementor-element elementor-element-6a88a49 elementor-view-default elementor-position-top elementor-mobile-position-top elementor-widget elementor-widget-icon-box\" data-id=\"6a88a49\" data-element_type=\"widget\" data-widget_type=\"icon-box.default\">\n\t\t\t\t<div class=\"elementor-widget-container\">\n\t\t\t\t\t<div class=\"elementor-icon-box-wrapper\">\n\n\t\t\t\t\t\t<div class=\"elementor-icon-box-icon\">\n\t\t\t\t<span  class=\"elementor-icon elementor-animation-\">\n\t\t\t\t<svg aria-hidden=\"true\" class=\"e-font-icon-svg e-fab-instagram\" viewBox=\"0 0 448 512\" xmlns=\"http:\/\/www.w3.org\/2000\/svg\"><path d=\"M224.1 141c-63.6 0-114.9 51.3-114.9 114.9s51.3 114.9 114.9 114.9S339 319.5 339 255.9 287.7 141 224.1 141zm0 189.6c-41.1 0-74.7-33.5-74.7-74.7s33.5-74.7 74.7-74.7 74.7 33.5 74.7 74.7-33.6 74.7-74.7 74.7zm146.4-194.3c0 14.9-12 26.8-26.8 26.8-14.9 0-26.8-12-26.8-26.8s12-26.8 26.8-26.8 26.8 12 26.8 26.8zm76.1 27.2c-1.7-35.9-9.9-67.7-36.2-93.9-26.2-26.2-58-34.4-93.9-36.2-37-2.1-147.9-2.1-184.9 0-35.8 1.7-67.6 9.9-93.9 36.1s-34.4 58-36.2 93.9c-2.1 37-2.1 147.9 0 184.9 1.7 35.9 9.9 67.7 36.2 93.9s58 34.4 93.9 36.2c37 2.1 147.9 2.1 184.9 0 35.9-1.7 67.7-9.9 93.9-36.2 26.2-26.2 34.4-58 36.2-93.9 2.1-37 2.1-147.8 0-184.8zM398.8 388c-7.8 19.6-22.9 34.7-42.6 42.6-29.5 11.7-99.5 9-132.1 9s-102.7 2.6-132.1-9c-19.6-7.8-34.7-22.9-42.6-42.6-11.7-29.5-9-99.5-9-132.1s-2.6-102.7 9-132.1c7.8-19.6 22.9-34.7 42.6-42.6 29.5-11.7 99.5-9 132.1-9s102.7-2.6 132.1 9c19.6 7.8 34.7 22.9 42.6 42.6 11.7 29.5 9 99.5 9 132.1s2.7 102.7-9 132.1z\"><\/path><\/svg>\t\t\t\t<\/span>\n\t\t\t<\/div>\n\t\t\t\n\t\t\t\t\t\t<div class=\"elementor-icon-box-content\">\n\n\t\t\t\t\t\t\t\t\t<h3 class=\"elementor-icon-box-title\">\n\t\t\t\t\t\t<span  >\n\t\t\t\t\t\t\tEcu\u00e9ntranos en Instagram\t\t\t\t\t\t<\/span>\n\t\t\t\t\t<\/h3>\n\t\t\t\t\n\t\t\t\t\n\t\t\t<\/div>\n\t\t\t\n\t\t<\/div>\n\t\t\t\t<\/div>\n\t\t\t\t<\/div>\n\t\t\t\t<\/div>\n\t\t\t\t\t<\/div>\n\t\t\t\t<\/div>\n\t\t\t\t<section class=\"elementor-section elementor-top-section elementor-element elementor-element-5320c152 elementor-section-height-min-height elementor-section-boxed elementor-section-height-default elementor-section-items-middle\" data-id=\"5320c152\" data-element_type=\"section\" data-settings=\"{&quot;background_background&quot;:&quot;classic&quot;}\">\n\t\t\t\t\t\t<div class=\"elementor-container elementor-column-gap-default\">\n\t\t\t\t\t<div class=\"aux-parallax-section elementor-column elementor-col-100 elementor-top-column elementor-element elementor-element-6e4b4718\" data-id=\"6e4b4718\" data-element_type=\"column\">\n\t\t\t<div class=\"elementor-widget-wrap elementor-element-populated\">\n\t\t\t\t\t\t<div class=\"elementor-element elementor-element-65e2eeec elementor-widget elementor-widget-aux_modern_heading\" data-id=\"65e2eeec\" data-element_type=\"widget\" data-widget_type=\"aux_modern_heading.default\">\n\t\t\t\t<div class=\"elementor-widget-container\">\n\t\t\t<section class=\"aux-widget-modern-heading\">\n            <div class=\"aux-widget-inner\"><h2 class=\"aux-modern-heading-primary\">Cont\u00e1ctanos y sonr\u00ede con confianza<\/h2><div class=\"aux-modern-heading-divider\"><\/div><\/div>\n        <\/section>\t\t<\/div>\n\t\t\t\t<\/div>\n\t\t<div class=\"elementor-element elementor-element-2594f8bb e-flex e-con-boxed e-con e-parent\" data-id=\"2594f8bb\" data-element_type=\"container\">\n\t\t\t\t\t<div class=\"e-con-inner\">\n\t\t<div class=\"elementor-element elementor-element-5d8c51ef e-con-full elementor-hidden-mobile e-flex e-con e-child\" data-id=\"5d8c51ef\" data-element_type=\"container\">\n\t\t\t\t<\/div>\n\t\t<div class=\"elementor-element elementor-element-661ca0a6 e-con-full e-flex e-con e-child\" data-id=\"661ca0a6\" data-element_type=\"container\">\n\t\t\t\t<div class=\"elementor-element elementor-element-20c2f9e8 elementor-widget elementor-widget-bdt-contact-form-7\" data-id=\"20c2f9e8\" data-element_type=\"widget\" data-widget_type=\"bdt-contact-form-7.default\">\n\t\t\t\t<div class=\"elementor-widget-container\">\n\t\t\t\n<div class=\"wpcf7 no-js\" id=\"wpcf7-f21-o1\" lang=\"es-ES\" dir=\"ltr\" data-wpcf7-id=\"21\">\n<div class=\"screen-reader-response\"><p role=\"status\" aria-live=\"polite\" aria-atomic=\"true\"><\/p> <ul><\/ul><\/div>\n<form action=\"\/index.php?rest_route=%2Fwp%2Fv2%2Fpages%2F34#wpcf7-f21-o1\" method=\"post\" class=\"wpcf7-form init\" aria-label=\"Formulario de contacto\" novalidate=\"novalidate\" data-status=\"init\">\n<div style=\"display: none;\">\n<input type=\"hidden\" name=\"_wpcf7\" value=\"21\" \/>\n<input type=\"hidden\" name=\"_wpcf7_version\" value=\"6.0.2\" \/>\n<input type=\"hidden\" name=\"_wpcf7_locale\" value=\"es_ES\" \/>\n<input type=\"hidden\" name=\"_wpcf7_unit_tag\" value=\"wpcf7-f21-o1\" \/>\n<input type=\"hidden\" name=\"_wpcf7_container_post\" value=\"0\" \/>\n<input type=\"hidden\" name=\"_wpcf7_posted_data_hash\" value=\"\" \/>\n<\/div>\n<div id=\"responsive-form\" class=\"clearfix\">\n\t<div class=\"form-row\">\n\t\t<div class=\"column-full\">\n\t\t\t<p><span class=\"wpcf7-form-control-wrap\" data-name=\"your-name\"><input size=\"40\" maxlength=\"400\" class=\"wpcf7-form-control wpcf7-text wpcf7-validates-as-required\" aria-required=\"true\" aria-invalid=\"false\" placeholder=\"Nombre completo\" value=\"\" type=\"text\" name=\"your-name\" \/><\/span>\n\t\t\t<\/p>\n\t\t<\/div>\n\t\t<div class=\"form-row\">\n\t\t\t<div class=\"column-half\">\n\t\t\t\t<p><span class=\"wpcf7-form-control-wrap\" data-name=\"tel-usuario\"><input size=\"40\" maxlength=\"400\" class=\"wpcf7-form-control wpcf7-tel wpcf7-validates-as-required wpcf7-text wpcf7-validates-as-tel\" aria-required=\"true\" aria-invalid=\"false\" placeholder=\"Tel\u00e9fono\" value=\"\" type=\"tel\" name=\"tel-usuario\" \/><\/span>\n\t\t\t\t<\/p>\n\t\t\t<\/div>\n\t\t\t<div class=\"column-half\">\n\t\t\t\t<p><span class=\"wpcf7-form-control-wrap\" data-name=\"usuario-email\"><input size=\"40\" maxlength=\"400\" class=\"wpcf7-form-control wpcf7-email wpcf7-validates-as-required wpcf7-text wpcf7-validates-as-email\" aria-required=\"true\" aria-invalid=\"false\" placeholder=\"Email\" value=\"\" type=\"email\" name=\"usuario-email\" \/><\/span>\n\t\t\t\t<\/p>\n\t\t\t<\/div>\n\t\t<\/div>\n\t\t<div class=\"form-row\">\n\t\t\t<div class=\"column-full\">\n\t\t\t\t<p><span class=\"wpcf7-form-control-wrap\" data-name=\"your-message\"><input size=\"40\" maxlength=\"400\" class=\"wpcf7-form-control wpcf7-text\" aria-invalid=\"false\" placeholder=\"Escribe tu mensaje aqu\u00ed\" value=\"\" type=\"text\" name=\"your-message\" \/><\/span>\n\t\t\t\t<\/p>\n\t\t\t<\/div>\n\t\t<\/div>\n\t\t<div class=\"form-row\">\n\t\t\t<div class=\"column-full\">\n\t\t\t\t<p><input class=\"wpcf7-form-control wpcf7-submit has-spinner\" type=\"submit\" value=\"Enviar\" \/>\n\t\t\t\t<\/p>\n\t\t\t<\/div>\n\t\t<\/div>\n\t<\/div><!--end responsive-form-->\n<\/div><div class=\"wpcf7-response-output\" aria-hidden=\"true\"><\/div>\n<\/form>\n<\/div>\n\t\t<\/div>\n\t\t\t\t<\/div>\n\t\t\t\t<\/div>\n\t\t<div class=\"elementor-element elementor-element-27d249bc e-con-full elementor-hidden-mobile e-flex e-con e-child\" data-id=\"27d249bc\" data-element_type=\"container\">\n\t\t\t\t<\/div>\n\t\t\t\t\t<\/div>\n\t\t\t\t<\/div>\n\t\t\t\t\t<\/div>\n\t\t<\/div>\n\t\t\t\t\t<\/div>\n\t\t<\/section>\n\t\t\t\t<\/div>\n\t\t","protected":false},"excerpt":{"rendered":"<p>Implantes Home Implantes Dentales Recupera tu sonrisa con una ra\u00edz artificial de titanio que se fusiona perfectamente con el hueso, creando una base s\u00f3lida para coronas o puentes. Vive la comodidad, funcionalidad y est\u00e9tica que transforman tu calidad de vida. Cont\u00e1ctanos Recupera tu sonrisa y funcionalidad con implantes de alta calidad. \u00a1Conf\u00eda en nosotros para [&hellip;]<\/p>\n","protected":false},"author":1,"featured_media":0,"parent":24,"menu_order":0,"comment_status":"closed","ping_status":"closed","template":"","meta":{"footnotes":""},"class_list":["post-34","page","type-page","status-publish","hentry"],"_links":{"self":[{"href":"https:\/\/russo.whitebirdagency.com\/index.php?rest_route=\/wp\/v2\/pages\/34","targetHints":{"allow":["GET"]}}],"collection":[{"href":"https:\/\/russo.whitebirdagency.com\/index.php?rest_route=\/wp\/v2\/pages"}],"about":[{"href":"https:\/\/russo.whitebirdagency.com\/index.php?rest_route=\/wp\/v2\/types\/page"}],"author":[{"embeddable":true,"href":"https:\/\/russo.whitebirdagency.com\/index.php?rest_route=\/wp\/v2\/users\/1"}],"replies":[{"embeddable":true,"href":"https:\/\/russo.whitebirdagency.com\/index.php?rest_route=%2Fwp%2Fv2%2Fcomments&post=34"}],"version-history":[{"count":22,"href":"https:\/\/russo.whitebirdagency.com\/index.php?rest_route=\/wp\/v2\/pages\/34\/revisions"}],"predecessor-version":[{"id":843,"href":"https:\/\/russo.whitebirdagency.com\/index.php?rest_route=\/wp\/v2\/pages\/34\/revisions\/843"}],"up":[{"embeddable":true,"href":"https:\/\/russo.whitebirdagency.com\/index.php?rest_route=\/wp\/v2\/pages\/24"}],"wp:attachment":[{"href":"https:\/\/russo.whitebirdagency.com\/index.php?rest_route=%2Fwp%2Fv2%2Fmedia&parent=34"}],"curies":[{"name":"wp","href":"https:\/\/api.w.org\/{rel}","templated":true}]}}